{"id":44,"date":"2017-02-28T15:52:05","date_gmt":"2017-02-28T18:52:05","guid":{"rendered":"http:\/\/correntes.pe.gov.br\/v1\/?page_id=44"},"modified":"2017-04-16T09:15:42","modified_gmt":"2017-04-16T12:15:42","slug":"a-cidade","status":"publish","type":"page","link":"http:\/\/correntes.pe.gov.br\/v1\/a-cidade\/","title":{"rendered":"A CIDADE"},"content":{"rendered":"<p class=\"style42\" align=\"justify\"><img decoding=\"async\" loading=\"lazy\" class=\"size-medium wp-image-133 alignleft\" src=\"http:\/\/correntes.pe.gov.br\/v1\/wp-content\/uploads\/2017\/02\/800px-Bandeira_de_Correntes-300x211.jpg\" alt=\"\" width=\"300\" height=\"211\" srcset=\"http:\/\/correntes.pe.gov.br\/v1\/wp-content\/uploads\/2017\/02\/800px-Bandeira_de_Correntes-300x211.jpg 300w, http:\/\/correntes.pe.gov.br\/v1\/wp-content\/uploads\/2017\/02\/800px-Bandeira_de_Correntes-768x540.jpg 768w, http:\/\/correntes.pe.gov.br\/v1\/wp-content\/uploads\/2017\/02\/800px-Bandeira_de_Correntes.jpg 800w\" sizes=\"(max-width: 300px) 100vw, 300px\" \/>A origem do nome do munic\u00edpio vem de um rio de duas nascentes, que se chama Tr\u00eas Correntes, e tem a denomina\u00e7\u00e3o de Rio das Correntes. A\u00ed, onde existiu uma fazenda de planta\u00e7\u00e3o de cereais pelos anos de 1826, o Capit\u00e3o Ant\u00f4nio Machado Dias fixou-se com sua fam\u00edlia e uns cem escravos. A Vila de Correntes fora criada pela Lei Providencial n\u00b0 204, de 26\/07\/1848, tornando-se o primeiro territ\u00f3rio desmembrado do Munic\u00edpio de Garanhuns, que passava \u00e0 categoria de munic\u00edpio. Pela Lei Provincial n\u00b0 239, de 30\/05\/1849, a Vila de Correntes foi extinta. Foi elevada novamente \u00e0 categoria de Vila com a denomina\u00e7\u00e3o de Correntes, pela Lei n\u00b0 1243, de 27\/05\/1879. Foi reinstalada em 27\/08\/1883 e pela Lei Municipal n\u00b0 30, de 15\/01\/1896, \u00e9 criado o distrito de Lagoa do Em\u00eddio e anexado ao Munic\u00edpio de Correntes. Foi elevada \u00e0 condi\u00e7\u00e3o de cidade e sede do Munic\u00edpio com a denomina\u00e7\u00e3o Correntes em 01\/07\/1909, pela Lei n\u00b0 991.<\/p>\n<p class=\"style42\" align=\"justify\">O Munic\u00edpio possui tr\u00eas distritos: Po\u00e7o Comprido, Olho D\u2019\u00e1gua Dos G\u00f3es e Pau Amarelo.Localiza-se na Regi\u00e3o Agreste, limitando-se ao norte com Garanhuns e Palmerina, ao sul e a leste com o Estado de Alagoas, e a oeste com o Munic\u00edpio de Lagoa do Ouro.<\/p>\n<p class=\"style42\" align=\"justify\">A popula\u00e7\u00e3o total \u00e9 de 17.419 pessoas.<\/p>\n<p class=\"style42\" align=\"justify\"><img decoding=\"async\" loading=\"lazy\" class=\"aligncenter size-full wp-image-127\" src=\"http:\/\/correntes.pe.gov.br\/v1\/wp-content\/uploads\/2017\/02\/mapa.png\" alt=\"\" width=\"700\" height=\"574\" srcset=\"http:\/\/correntes.pe.gov.br\/v1\/wp-content\/uploads\/2017\/02\/mapa.png 700w, http:\/\/correntes.pe.gov.br\/v1\/wp-content\/uploads\/2017\/02\/mapa-300x246.png 300w\" sizes=\"(max-width: 700px) 100vw, 700px\" \/><\/p>\n<p class=\"style42\" align=\"left\"><strong><em><span class=\"style44\">Fonte: IBGE<\/span><\/em><\/strong><\/p>\n","protected":false},"excerpt":{"rendered":"<p>A origem do nome do munic\u00edpio vem de um rio de duas nascentes, que se chama Tr\u00eas Correntes, e tem a denomina\u00e7\u00e3o de Rio das Correntes. A\u00ed, onde existiu uma fazenda de <a class=\"leiamais\" href=\"http:\/\/correntes.pe.gov.br\/v1\/a-cidade\/\">LER MAIS &nbsp; <span class=\"glyphicon glyphicon-share-alt\"><\/span><br \/>\n<\/a><\/p>\n","protected":false},"author":3,"featured_media":0,"parent":0,"menu_order":0,"comment_status":"closed","ping_status":"closed","template":"","meta":[],"_links":{"self":[{"href":"http:\/\/correntes.pe.gov.br\/v1\/wp-json\/wp\/v2\/pages\/44"}],"collection":[{"href":"http:\/\/correntes.pe.gov.br\/v1\/wp-json\/wp\/v2\/pages"}],"about":[{"href":"http:\/\/correntes.pe.gov.br\/v1\/wp-json\/wp\/v2\/types\/page"}],"author":[{"embeddable":true,"href":"http:\/\/correntes.pe.gov.br\/v1\/wp-json\/wp\/v2\/users\/3"}],"replies":[{"embeddable":true,"href":"http:\/\/correntes.pe.gov.br\/v1\/wp-json\/wp\/v2\/comments?post=44"}],"version-history":[{"count":7,"href":"http:\/\/correntes.pe.gov.br\/v1\/wp-json\/wp\/v2\/pages\/44\/revisions"}],"predecessor-version":[{"id":126,"href":"http:\/\/correntes.pe.gov.br\/v1\/wp-json\/wp\/v2\/pages\/44\/revisions\/126"}],"wp:attachment":[{"href":"http:\/\/correntes.pe.gov.br\/v1\/wp-json\/wp\/v2\/media?parent=44"}],"curies":[{"name":"wp","href":"https:\/\/api.w.org\/{rel}","templated":true}]}}