{"id":201,"date":"2017-04-16T19:34:43","date_gmt":"2017-04-16T22:34:43","guid":{"rendered":"http:\/\/correntes.pe.gov.br\/v1\/?page_id=201"},"modified":"2018-04-03T10:10:23","modified_gmt":"2018-04-03T13:10:23","slug":"ouvidoria","status":"publish","type":"page","link":"http:\/\/correntes.pe.gov.br\/v1\/ouvidoria\/","title":{"rendered":"OUVIDORIA DO GOVERNO MUNICIPAL"},"content":{"rendered":"<p>O canal de comunica\u00e7\u00e3o do Governo Municipal est\u00e1 aberto para voc\u00ea. Utilize uma das op\u00e7\u00f5es abaixo e envie sua solicita\u00e7\u00e3o, opini\u00e3o, sugest\u00e3o, elogio, cr\u00edtica ou den\u00fancia para a Ouvidoria analisar. O Poder Executivo quer saber sua opini\u00e3o. Participe!<\/p>\n<p>&nbsp;<\/p>\n<h3>Atendimento Pessoalmente<\/h3>\n<p>Segunda a Sexta. Das 07:00 \u00e0 13:00<br \/>\nPra\u00e7a Agamenon Magalh\u00e3es, n\u00ba 64<\/p>\n<p>&nbsp;<\/p>\n<h3>Atendimento por Telefone<\/h3>\n<p>FoneFax: (87) 3772-1147 \/ 3772-1247 \/ 3772-1184<\/p>\n<p>&nbsp;<\/p>\n<h3>Atendimento por E-mail<\/h3>\n<p>ouvidoria@correntes.pe.gov.br<\/p>\n","protected":false},"excerpt":{"rendered":"<p>O canal de comunica\u00e7\u00e3o do Governo Municipal est\u00e1 aberto para voc\u00ea. Utilize uma das op\u00e7\u00f5es abaixo e envie sua solicita\u00e7\u00e3o, opini\u00e3o, sugest\u00e3o, elogio, cr\u00edtica ou den\u00fancia para a Ouvidoria analisar. O Poder <a class=\"leiamais\" href=\"http:\/\/correntes.pe.gov.br\/v1\/ouvidoria\/\">LER MAIS &nbsp; <span class=\"glyphicon glyphicon-share-alt\"><\/span><br \/>\n<\/a><\/p>\n","protected":false},"author":3,"featured_media":0,"parent":0,"menu_order":0,"comment_status":"closed","ping_status":"closed","template":"","meta":[],"_links":{"self":[{"href":"http:\/\/correntes.pe.gov.br\/v1\/wp-json\/wp\/v2\/pages\/201"}],"collection":[{"href":"http:\/\/correntes.pe.gov.br\/v1\/wp-json\/wp\/v2\/pages"}],"about":[{"href":"http:\/\/correntes.pe.gov.br\/v1\/wp-json\/wp\/v2\/types\/page"}],"author":[{"embeddable":true,"href":"http:\/\/correntes.pe.gov.br\/v1\/wp-json\/wp\/v2\/users\/3"}],"replies":[{"embeddable":true,"href":"http:\/\/correntes.pe.gov.br\/v1\/wp-json\/wp\/v2\/comments?post=201"}],"version-history":[{"count":8,"href":"http:\/\/correntes.pe.gov.br\/v1\/wp-json\/wp\/v2\/pages\/201\/revisions"}],"predecessor-version":[{"id":757,"href":"http:\/\/correntes.pe.gov.br\/v1\/wp-json\/wp\/v2\/pages\/201\/revisions\/757"}],"wp:attachment":[{"href":"http:\/\/correntes.pe.gov.br\/v1\/wp-json\/wp\/v2\/media?parent=201"}],"curies":[{"name":"wp","href":"https:\/\/api.w.org\/{rel}","templated":true}]}}