{"id":18258,"date":"2025-07-15T09:45:44","date_gmt":"2025-07-15T12:45:44","guid":{"rendered":"http:\/\/correntes.pe.gov.br\/v1\/?page_id=18258"},"modified":"2025-07-15T10:00:08","modified_gmt":"2025-07-15T13:00:08","slug":"prefeito","status":"publish","type":"page","link":"http:\/\/correntes.pe.gov.br\/v1\/prefeito\/","title":{"rendered":"PREFEITO"},"content":{"rendered":"\n<figure class=\"wp-block-image size-large\"><img decoding=\"async\" loading=\"lazy\" width=\"1024\" height=\"1024\" src=\"http:\/\/correntes.pe.gov.br\/v1\/wp-content\/uploads\/2025\/07\/500763078_9923483037729131_5760239022552252331_n-1024x1024.jpg\" alt=\"\" class=\"wp-image-18259\" srcset=\"http:\/\/correntes.pe.gov.br\/v1\/wp-content\/uploads\/2025\/07\/500763078_9923483037729131_5760239022552252331_n-1024x1024.jpg 1024w, http:\/\/correntes.pe.gov.br\/v1\/wp-content\/uploads\/2025\/07\/500763078_9923483037729131_5760239022552252331_n-300x300.jpg 300w, http:\/\/correntes.pe.gov.br\/v1\/wp-content\/uploads\/2025\/07\/500763078_9923483037729131_5760239022552252331_n-150x150.jpg 150w, http:\/\/correntes.pe.gov.br\/v1\/wp-content\/uploads\/2025\/07\/500763078_9923483037729131_5760239022552252331_n-768x768.jpg 768w, http:\/\/correntes.pe.gov.br\/v1\/wp-content\/uploads\/2025\/07\/500763078_9923483037729131_5760239022552252331_n.jpg 1080w\" sizes=\"(max-width: 1024px) 100vw, 1024px\" \/><\/figure>\n\n\n\n<p>Edimilson da Bahia de Lima Gomes<\/p>\n\n\n\n<p>Prefeito<\/p>\n\n\n\n<p>CONTATOS: <\/p>\n\n\n\n<p>E-mail &#8211; prefeitura@correntes.pe.gov.br <\/p>\n\n\n\n<p>(87) 98107-1187<\/p>\n\n\n\n<p class=\"has-text-align-center\">        Filho do agreste pernambucano, Edimilson da Bahia de Lima Gomes construiu sua hist\u00f3ria com os p\u00e9s no ch\u00e3o e o cora\u00e7\u00e3o voltado para o povo de Correntes. Agricultor por voca\u00e7\u00e3o e homem p\u00fablico por escolha, Edimilson nasceu em uma fam\u00edlia simples, onde aprendeu desde cedo o valor do trabalho, da palavra empenhada e da solidariedade entre os que vivem da terra.<br>Sua caminhada na pol\u00edtica come\u00e7ou n\u00e3o em gabinetes, mas nas estradas de barro, nos s\u00edtios e comunidades esquecidas, onde ouviu os clamores por dignidade, sa\u00fade, educa\u00e7\u00e3o e oportunidade. Foi essa escuta sincera que o levou \u00e0 Prefeitura de Correntes em 2012, com uma elei\u00e7\u00e3o que simbolizou o desejo de mudan\u00e7a. Em 2016, foi reeleito, sendo reconhecido por sua presen\u00e7a constante nas ruas e pelo jeito simples e direto de governar.<br>Mas sua jornada tamb\u00e9m teve pedras no caminho. Enfrentou dificuldades administrativas, sentiu na pele o peso dos embates pol\u00edticos e jur\u00eddicos. Ainda assim, jamais deixou de lutar. Porque, para Edimilson, pol\u00edtica \u00e9 miss\u00e3o, n\u00e3o carreira. E servir ao povo \u00e9 um compromisso que vai al\u00e9m dos mandatos.<br>Em 2024, com coragem e renovado pelo apoio popular, colocou mais uma vez seu nome \u00e0 disposi\u00e7\u00e3o do munic\u00edpio. Mesmo com os obst\u00e1culos legais, sua vontade de contribuir com Correntes permanece firme, como o sertanejo que resiste \u00e0 seca com f\u00e9 e esperan\u00e7a.<br>Edimilson da Bahia n\u00e3o \u00e9 apenas um pol\u00edtico. \u00c9 um s\u00edmbolo da resist\u00eancia do homem do campo, da lideran\u00e7a que nasce do povo e segue com ele,\u00a0passo\u00a0a\u00a0passo.<\/p>\n","protected":false},"excerpt":{"rendered":"<p>Edimilson da Bahia de Lima Gomes Prefeito CONTATOS: E-mail &#8211; prefeitura@correntes.pe.gov.br (87) 98107-1187 Filho do agreste pernambucano, Edimilson da Bahia de Lima Gomes construiu sua hist\u00f3ria com os p\u00e9s no ch\u00e3o e <a class=\"leiamais\" href=\"http:\/\/correntes.pe.gov.br\/v1\/prefeito\/\">LER MAIS &nbsp; <span class=\"glyphicon glyphicon-share-alt\"><\/span><br \/>\n<\/a><\/p>\n","protected":false},"author":3,"featured_media":0,"parent":0,"menu_order":0,"comment_status":"closed","ping_status":"closed","template":"","meta":[],"_links":{"self":[{"href":"http:\/\/correntes.pe.gov.br\/v1\/wp-json\/wp\/v2\/pages\/18258"}],"collection":[{"href":"http:\/\/correntes.pe.gov.br\/v1\/wp-json\/wp\/v2\/pages"}],"about":[{"href":"http:\/\/correntes.pe.gov.br\/v1\/wp-json\/wp\/v2\/types\/page"}],"author":[{"embeddable":true,"href":"http:\/\/correntes.pe.gov.br\/v1\/wp-json\/wp\/v2\/users\/3"}],"replies":[{"embeddable":true,"href":"http:\/\/correntes.pe.gov.br\/v1\/wp-json\/wp\/v2\/comments?post=18258"}],"version-history":[{"count":3,"href":"http:\/\/correntes.pe.gov.br\/v1\/wp-json\/wp\/v2\/pages\/18258\/revisions"}],"predecessor-version":[{"id":18263,"href":"http:\/\/correntes.pe.gov.br\/v1\/wp-json\/wp\/v2\/pages\/18258\/revisions\/18263"}],"wp:attachment":[{"href":"http:\/\/correntes.pe.gov.br\/v1\/wp-json\/wp\/v2\/media?parent=18258"}],"curies":[{"name":"wp","href":"https:\/\/api.w.org\/{rel}","templated":true}]}}