{"id":14229,"date":"2023-11-04T16:23:10","date_gmt":"2023-11-04T19:23:10","guid":{"rendered":"http:\/\/correntes.pe.gov.br\/v1\/?page_id=14229"},"modified":"2025-08-02T17:45:16","modified_gmt":"2025-08-02T20:45:16","slug":"lei-paulo-gustavo","status":"publish","type":"page","link":"http:\/\/correntes.pe.gov.br\/v1\/lei-paulo-gustavo\/","title":{"rendered":"LEI PAULO GUSTAVO"},"content":{"rendered":"<p>Fica homologado o resultado final dos artistas e espa\u00e7os culturais do munic\u00edpio das Correntes PE, 2023, os citados est\u00e3o aptos para concorrer nos editais da Lei Paulo Gustavo, obedecendo seu segmento cultural.<\/p>\n<p>Correntes, 14 de novembro de 2023<\/p>\n<p>Secret\u00e1ria de Cultura, Turismo e Desportos<\/p>\n<p><a href=\"http:\/\/correntes.pe.gov.br\/v1\/wp-content\/uploads\/2023\/11\/CADASTROS-HOMOLOGADOS-E-APTOS-A-CONCORRER-AOS-EDITAIS-DA-LPG-2023.pdf\">CADASTROS HOMOLOGADOS E APTOS A CONCORRER AOS EDITAIS DA LPG 2023&nbsp;&nbsp;&nbsp;&nbsp;<\/a><\/p>\n<p>EDITAL DE CHAMAMENTO P\u00daBLICO N\u00ba 002\/2023 \u2013 LPG CORRENTES<br>(AUDIOVISUAL)<br>EDITAL DE SELE\u00c7\u00c3O DE PROJETOS PARA FIRMAR TERMO DE EXECU\u00c7\u00c3O<br>CULTURAL COM RECURSOS DA LEI COMPLEMENTAR 195\/2022 (LEI<br>PAULO GUSTAVO) &#8211; AUDIOVISUAL<\/p>\n<p><a href=\"http:\/\/correntes.pe.gov.br\/v1\/wp-content\/uploads\/2023\/11\/EDITAL-AUDIOVISUAL-1.pdf\">EDITAL-AUDIOVISUAL (1)<\/a><\/p>\n<p><a href=\"http:\/\/correntes.pe.gov.br\/v1\/wp-content\/uploads\/2023\/11\/ANEXO-I-CATEGORIAS-DE-APOIO.pdf\">ANEXO I CATEGORIAS DE APOIO<\/a><\/p>\n<p><a href=\"http:\/\/correntes.pe.gov.br\/v1\/wp-content\/uploads\/2023\/11\/ANEXO-II-FORMUL\u00c1RIO-DE-INSCRI\u00c7\u00c3O-E-PLANO-DE-TRABALHO-1.pdf\">ANEXO II FORMUL\u00c1RIO DE INSCRI\u00c7\u00c3O E PLANO DE TRABALHO (1)&nbsp;&nbsp;&nbsp;<\/a><\/p>\n<p><a href=\"http:\/\/correntes.pe.gov.br\/v1\/wp-content\/uploads\/2023\/11\/ANEXO-III-CRIT\u00c9RIOS-DE-AVALIA\u00c7\u00c3O.docx-1-1.pdf\">ANEXO-III-CRIT\u00c9RIOS-DE-AVALIA\u00c7\u00c3O.docx-1<\/a><\/p>\n<p><a href=\"http:\/\/correntes.pe.gov.br\/v1\/wp-content\/uploads\/2023\/11\/ANEXO-IV-RELAT\u00d3RIO-DE-EXECU\u00c7\u00c3O-DO-OBJETO-1.pdf\">ANEXO IV RELAT\u00d3RIO DE EXECU\u00c7\u00c3O DO OBJETO (1)<\/a><\/p>\n<p><a href=\"http:\/\/correntes.pe.gov.br\/v1\/wp-content\/uploads\/2023\/11\/ANEXO-V-DECLARA\u00c7\u00c3O-DE-REPRESENTA\u00c7\u00c3O.pdf\">ANEXO V-DECLARA\u00c7\u00c3O DE REPRESENTA\u00c7\u00c3O<\/a><\/p>\n<p><a href=\"http:\/\/correntes.pe.gov.br\/v1\/wp-content\/uploads\/2023\/11\/ANEXO-VI-DECLARA\u00c7\u00c3O-DE-ETNIA-RACIAL-E-G\u00caNERO.pdf\">ANEXO VI-DECLARA\u00c7\u00c3O DE ETNIA RACIAL E G\u00caNERO<\/a><\/p>\n<p>EDITAL DE CHAMAMENTO P\u00daBLICO N\u00ba 01\/2023 \u2013 EDITAL DE PREMIA\u00c7\u00c3O DAS<br>DEMAIS \u00c1REAS CULTURAIS<br>EDITAL DE PREMIA\u00c7\u00c3O PARA AGENTES CULTURAIS COM RECURSOS DA LEI<br>COMPLEMENTAR N\u00ba 195\/2022 (LEI PAULO GUSTAVO)<\/p>\n<p><a href=\"http:\/\/correntes.pe.gov.br\/v1\/wp-content\/uploads\/2023\/11\/EDITAL-DE-PREMIA\u00c7\u00c3O.pdf\">EDITAL DE PREMIA\u00c7\u00c3O<\/a><\/p>\n<p><a href=\"http:\/\/correntes.pe.gov.br\/v1\/wp-content\/uploads\/2023\/11\/ANEXO-I-CATEGORIAS.pdf\">ANEXO I CATEGORIAS<\/a><\/p>\n<p><a href=\"http:\/\/correntes.pe.gov.br\/v1\/wp-content\/uploads\/2023\/11\/ANEXO-II-CRIT\u00c9RIOS-DE-AVALIA\u00c7\u00c3O.pdf\">ANEXO II CRIT\u00c9RIOS DE AVALIA\u00c7\u00c3O<\/a><\/p>\n<p><a href=\"http:\/\/correntes.pe.gov.br\/v1\/wp-content\/uploads\/2023\/11\/ANEXO-IIIFORMUL\u00c1RIO-DE-INSCRI\u00c7\u00c3O-PR\u00caMIOS.pdf\">ANEXO IIIFORMUL\u00c1RIO DE INSCRI\u00c7\u00c3O PR\u00caMIOS<\/a><\/p>\n<p><a href=\"http:\/\/correntes.pe.gov.br\/v1\/wp-content\/uploads\/2023\/11\/ANEXO-IV-DECLARA\u00c7\u00c3O-DE-REPRESENTA\u00c7\u00c3O-1.pdf\">ANEXO IV-DECLARA\u00c7\u00c3O DE REPRESENTA\u00c7\u00c3O<\/a><\/p>\n<p><a href=\"http:\/\/correntes.pe.gov.br\/v1\/wp-content\/uploads\/2023\/11\/ANEXO-V-RECIBO-PR\u00caMIOS.pdf\">ANEXO V RECIBO PR\u00caMIOS<\/a><\/p>\n<p><a href=\"http:\/\/correntes.pe.gov.br\/v1\/wp-content\/uploads\/2023\/11\/ANEXO-VI-DECLARA\u00c7\u00c3O-DE-ETNIA-RACIAL-E-G\u00caNERO-1.pdf\">ANEXO VI-DECLARA\u00c7\u00c3O DE ETNIA RACIAL E G\u00caNERO&nbsp;&nbsp;&nbsp;&nbsp;&nbsp;&nbsp;&nbsp;&nbsp;<\/a><\/p>\n<p>EDITAL DE CHAMAMENTO P\u00daBLICO N\u00ba 01\/2023 \u2013 EDITAL DE PREMIA\u00c7\u00c3O DAS<br>DEMAIS \u00c1REAS CULTURAIS<br>EDITAL DE PREMIA\u00c7\u00c3O PARA AGENTES CULTURAIS COM RECURSOS DA LEI<br>COMPLEMENTAR N\u00ba 195\/2022 (LEI PAULO GUSTAVO)<\/p>\n<p><a href=\"http:\/\/correntes.pe.gov.br\/v1\/wp-content\/uploads\/2023\/11\/RESULTADO-PRELIMINAR-1\u00aa-FASE.pdf\">RESULTADO PRELIMINAR 1\u00aa FASE&nbsp;&nbsp;&nbsp;&nbsp;&nbsp;&nbsp;<\/a><\/p>\n<p>EDITAL DE CHAMAMENTO P\u00daBLICO N\u00ba 002\/2023 \u2013 LPG CORRENTES<br>(AUDIOVISUAL)<br>EDITAL DE SELE\u00c7\u00c3O DE PROJETOS PARA FIRMAR TERMO DE EXECU\u00c7\u00c3O<br>CULTURAL COM RECURSOS DA LEI COMPLEMENTAR 195\/2022 (LEI<br>PAULO GUSTAVO) &#8211; AUDIOVISUAL<\/p>\n<p><a href=\"http:\/\/correntes.pe.gov.br\/v1\/wp-content\/uploads\/2023\/11\/RESULTADO-PRELIMINAR-1\u00aa-.-FASE-.pdf\">RESULTADO PRELIMINAR 1\u00aa . FASE&nbsp;&nbsp;&nbsp;&nbsp;&nbsp;&nbsp;&nbsp;&nbsp;&nbsp;&nbsp;&nbsp;&nbsp;&nbsp;<\/a><\/p>\n<p>MODELO DE PEDIDO DE RECURSOS .<\/p>\n<p><a href=\"http:\/\/correntes.pe.gov.br\/v1\/wp-content\/uploads\/2023\/11\/VII-ANEXO-PEDIDO-DE-RECURSO.pdf\">VII ANEXO PEDIDO DE RECURSO&nbsp;&nbsp;&nbsp;&nbsp;&nbsp;&nbsp;&nbsp;&nbsp;&nbsp;&nbsp;&nbsp;&nbsp;<\/a><\/p>\n<p>EDITAL DE CHAMAMENTO P\u00daBLICO N\u00ba 01\/2023 \u2013 EDITAL DE PREMIA\u00c7\u00c3O DAS<br>DEMAIS \u00c1REAS CULTURAIS<br>EDITAL DE PREMIA\u00c7\u00c3O PARA AGENTES CULTURAIS COM RECURSOS DA LEI<br>COMPLEMENTAR N\u00ba 195\/2022 (LEI PAULO GUSTAVO)<br><a href=\"http:\/\/correntes.pe.gov.br\/v1\/wp-content\/uploads\/2023\/12\/RESULTADO-DE-RECURSOS.pdf\">RESULTADO DE RECURSOS&nbsp;&nbsp;&nbsp;&nbsp;<\/a><\/p>\n<p>EDITAL DE CHAMAMENTO P\u00daBLICO N\u00ba 01\/2023 \u2013 EDITAL DE PREMIA\u00c7\u00c3O DAS<br>DEMAIS \u00c1REAS CULTURAIS<br>EDITAL DE PREMIA\u00c7\u00c3O PARA AGENTES CULTURAIS COM RECURSOS DA LEI<br>COMPLEMENTAR N\u00ba 195\/2022 (LEI PAULO GUSTAVO)<\/p>\n<p>RESULTADO FINAL&nbsp;&nbsp;PR\u00caMIOS&nbsp; &nbsp;I, II e II<\/p>\n<p><a href=\"http:\/\/correntes.pe.gov.br\/v1\/wp-content\/uploads\/2023\/12\/RESULTADO-FINAL-DEMAIS-MANIFESTA\u00c7\u00d5ES.pdf\">RESULTADO FINAL DEMAIS MANIFESTA\u00c7\u00d5ES<\/a><\/p>\n<p>EDITAL DE PREMIA\u00c7\u00c3O PARA AGENTES CULTURAIS COM RECURSOS DA LEI<br>COMPLEMENTAR N\u00ba 195\/2022 (LEI PAULO GUSTAVO)<br>EDITAL DE CHAMAMENTO P\u00daBLICO N\u00ba 002\/2023 \u2013 LPG CORRENTES<br>(AUDIOVISUAL)<\/p>\n<p>RESULTADO FINAL&nbsp; &nbsp;INCISOS&nbsp; I, II, II<\/p>\n<p><a href=\"http:\/\/correntes.pe.gov.br\/v1\/wp-content\/uploads\/2023\/12\/RESULTADO-FINAL-AUDIOVISUAL.pdf\">RESULTADO FINAL AUDIOVISUAL<\/a><\/p>\n<p><\/p>\n\n\n<p><a href=\"http:\/\/correntes.pe.gov.br\/v1\/wp-content\/uploads\/2024\/11\/2PORTARIA-No161-2024-GP-Leis-da-Cultura.pdf\" data-type=\"URL\" data-id=\"http:\/\/correntes.pe.gov.br\/v1\/wp-content\/uploads\/2024\/11\/LEI-PAULO-GUSTAVO-IMG.pdf\">http:\/\/correntes.pe.gov.br\/v1\/wp-content\/uploads\/2024\/11\/LEI-PAULO-GUSTAVO-IMG.pdf<\/a><\/p>\n\n\n\n<p>PORTARIA 161\/2024 GP<\/p>\n\n\n\n<div class=\"wp-block-file\"><a id=\"wp-block-file--media-a29db3ae-47e8-443a-bc45-ef0f87bd5666\" href=\"http:\/\/correntes.pe.gov.br\/v1\/wp-content\/uploads\/2025\/08\/PORTARIA-N\u00b0-161-COMISSAO-DE-SELECAO-DAS-LEIS-DA-CULTURA.pdf\">PORTARIA N\u00b0 161- COMISS\u00c3O DE SELEC\u00c3O DAS LEIS DA CULTURA<\/a><\/div>\n\n\n\n<div class=\"wp-block-file\"><a id=\"wp-block-file--media-f3b2f51c-70f8-4c5e-8c39-96d22dc6b543\" href=\"http:\/\/correntes.pe.gov.br\/v1\/wp-content\/uploads\/2025\/08\/1-EDITAL-DE-AUDIO-VISUAL-2024-1.pdf\">1-EDITAL-DE-AUDIO-VISUAL-2024-1<\/a><\/div>\n\n\n\n<div class=\"wp-block-file\"><a id=\"wp-block-file--media-fe982348-3876-49c6-b682-caa0d1953f53\" href=\"http:\/\/correntes.pe.gov.br\/v1\/wp-content\/uploads\/2025\/08\/2-ANEXO-I-CATEGORIAS-DE-APOIO-1.pdf\">2-ANEXO-I-CATEGORIAS-DE-APOIO-1<\/a><\/div>\n\n\n\n<div class=\"wp-block-file\"><a id=\"wp-block-file--media-fa487b8c-e36a-498a-807b-5891e45d31b3\" href=\"http:\/\/correntes.pe.gov.br\/v1\/wp-content\/uploads\/2025\/08\/3-ANEXO-II-FORMULARIO-DE-INSCRICAO-1.pdf\">3-ANEXO-II-FORMULARIO-DE-INSCRICAO-1<\/a><\/div>\n\n\n\n<div class=\"wp-block-file\"><a id=\"wp-block-file--media-b79c5a60-0770-4f0f-9b97-092504df6fa0\" href=\"http:\/\/correntes.pe.gov.br\/v1\/wp-content\/uploads\/2025\/08\/4-ANEXO-III-CRITERIOS-DE-AVALIACAO-1.pdf\">4-ANEXO-III-CRITERIOS-DE-AVALIACAO-1<\/a><\/div>\n\n\n\n<div class=\"wp-block-file\"><a id=\"wp-block-file--media-a83c761f-a860-403e-84ad-c5118f977a99\" href=\"http:\/\/correntes.pe.gov.br\/v1\/wp-content\/uploads\/2025\/08\/5-ANEXO-IV-RELATORIO-DE-EXECUCAO-1.pdf\">5-ANEXO-IV-RELATORIO-DE-EXECUCAO-1<\/a><\/div>\n\n\n\n<div class=\"wp-block-file\"><a id=\"wp-block-file--media-4f2671f4-3e44-4b08-ba5c-161fa37d85d5\" href=\"http:\/\/correntes.pe.gov.br\/v1\/wp-content\/uploads\/2025\/08\/6-ANEXO-V-DECLARACAO-DE-REPRESENTACAO-1.pdf\">6-ANEXO-V-DECLARACAO-DE-REPRESENTACAO-1<\/a><\/div>\n\n\n\n<div class=\"wp-block-file\"><a id=\"wp-block-file--media-f6170922-b928-4d6e-8701-f76aa215a202\" href=\"http:\/\/correntes.pe.gov.br\/v1\/wp-content\/uploads\/2025\/08\/7-ANEXO-III-CRITERIOS-DE-AVALIACAO-1.pdf\">7-ANEXO-III-CRITERIOS-DE-AVALIACAO-1<\/a><\/div>\n\n\n\n<div class=\"wp-block-file\"><a id=\"wp-block-file--media-c5746e4e-6614-4b83-b9d6-5a7b65a1e7de\" href=\"http:\/\/correntes.pe.gov.br\/v1\/wp-content\/uploads\/2025\/08\/8-ANEXO-VII-RELATORIO-DE-EXECUCAO-1.pdf\">8-ANEXO-VII-RELATORIO-DE-EXECUCAO-1<\/a><\/div>\n\n\n\n<div class=\"wp-block-file\"><a id=\"wp-block-file--media-5c8aacad-b4af-434b-9fdc-78f1f3a05bd0\" href=\"http:\/\/correntes.pe.gov.br\/v1\/wp-content\/uploads\/2025\/08\/9-RESULTADO-PRELIMINAR-2024-1.pdf\">9-RESULTADO-PRELIMINAR-2024-1<\/a><\/div>\n\n\n\n<div class=\"wp-block-file\"><a id=\"wp-block-file--media-977bd3ce-2fb1-487f-9c21-ff80383b251d\" href=\"http:\/\/correntes.pe.gov.br\/v1\/wp-content\/uploads\/2025\/08\/10-RESULTADO-FINAL-2024-1.pdf\">10-RESULTADO-FINAL-2024-1<\/a><\/div>\n\n\n\n<p>EDITAL DE REMANEJAMENTO<\/p>\n\n\n\n<div class=\"wp-block-file\"><a id=\"wp-block-file--media-88796b0d-52a1-4eb4-a6a2-8473d9a3d9a6\" href=\"http:\/\/correntes.pe.gov.br\/v1\/wp-content\/uploads\/2025\/08\/1-EDITAL-DE-REMANEJAMENTO-DO-SALDO-DA-LEI-PAULO-GUSTAVO-AGENTES-CULTURAIS.pdf\">1-EDITAL-DE-REMANEJAMENTO-DO-SALDO-DA-LEI-PAULO-GUSTAVO-AGENTES-CULTURAIS<\/a><\/div>\n\n\n\n<div class=\"wp-block-file\"><a id=\"wp-block-file--media-e97dc2cf-b557-46cb-86b3-b10cebb09378\" href=\"http:\/\/correntes.pe.gov.br\/v1\/wp-content\/uploads\/2025\/08\/2-ANEXO-I-CATEGORIA-PREMIACAO.pdf\">2-ANEXO-I-CATEGORIA-PREMIACAO<\/a><\/div>\n\n\n\n<div class=\"wp-block-file\"><a id=\"wp-block-file--media-ae8f4ac1-41da-4cd1-b8b3-d913186c9714\" href=\"http:\/\/correntes.pe.gov.br\/v1\/wp-content\/uploads\/2025\/08\/3-ANEXO-II-CRITERIOS-DE-AVALIACAO.pdf\">3-ANEXO-II-CRITERIOS-DE-AVALIACAO<\/a><\/div>\n\n\n\n<div class=\"wp-block-file\"><a id=\"wp-block-file--media-73314bc0-64d0-49ce-acff-cfb790231a38\" href=\"http:\/\/correntes.pe.gov.br\/v1\/wp-content\/uploads\/2025\/08\/4-ANEXO-III-FORMULARIO-DE-INSCRICAO.pdf\">4-ANEXO-III-FORMULARIO-DE-INSCRICAO<\/a><\/div>\n\n\n\n<div class=\"wp-block-file\"><a id=\"wp-block-file--media-7a3a899d-6180-447e-8b21-a45c05707b32\" href=\"http:\/\/correntes.pe.gov.br\/v1\/wp-content\/uploads\/2025\/08\/5-ANEXO-IV-DECLARACAO-DE-REPRESENTACAO-1.pdf\">5-ANEXO-IV-DECLARACAO-DE-REPRESENTACAO-1<\/a><\/div>\n\n\n\n<div class=\"wp-block-file\"><a id=\"wp-block-file--media-fc8cd92a-20be-40de-87b2-88bd849f7354\" href=\"http:\/\/correntes.pe.gov.br\/v1\/wp-content\/uploads\/2025\/08\/6-ANEXO-V-RECIBO-PREMOS.pdf\">6-ANEXO-V-RECIBO-PREMOS<\/a><\/div>\n\n\n\n<div class=\"wp-block-file\"><a id=\"wp-block-file--media-40024e85-fa96-41f3-97f5-fd95a41eba5e\" href=\"http:\/\/correntes.pe.gov.br\/v1\/wp-content\/uploads\/2025\/08\/7-ANEXO-VI-DECLARACAO-ETNICO-RACIAL-1.pdf\">7-ANEXO-VI-DECLARACAO-ETNICO-RACIAL-1<\/a><\/div>\n\n\n\n<div class=\"wp-block-file\"><a id=\"wp-block-file--media-6455b2ea-755c-4e80-ab70-04958f61c891\" href=\"http:\/\/correntes.pe.gov.br\/v1\/wp-content\/uploads\/2025\/08\/8-RESULTADO-PRELIMINAR-2024-1.pdf\">8-RESULTADO-PRELIMINAR-2024-1<\/a><\/div>\n\n\n\n<div class=\"wp-block-file\"><a id=\"wp-block-file--media-cd2f1221-900d-4190-9e0c-8c3844a228c6\" href=\"http:\/\/correntes.pe.gov.br\/v1\/wp-content\/uploads\/2025\/08\/9-RESULTADO-FINAL-2024-HABILITADOS-1.pdf\">9-RESULTADO-FINAL-2024-HABILITADOS-1<\/a><\/div>\n","protected":false},"excerpt":{"rendered":"<p>Fica homologado o resultado final dos artistas e espa\u00e7os culturais do munic\u00edpio das Correntes PE, 2023, os citados est\u00e3o aptos para concorrer nos editais da Lei Paulo Gustavo, obedecendo seu segmento cultural. <a class=\"leiamais\" href=\"http:\/\/correntes.pe.gov.br\/v1\/lei-paulo-gustavo\/\">LER MAIS &nbsp; <span class=\"glyphicon glyphicon-share-alt\"><\/span><br \/>\n<\/a><\/p>\n","protected":false},"author":3,"featured_media":0,"parent":0,"menu_order":0,"comment_status":"closed","ping_status":"closed","template":"","meta":[],"_links":{"self":[{"href":"http:\/\/correntes.pe.gov.br\/v1\/wp-json\/wp\/v2\/pages\/14229"}],"collection":[{"href":"http:\/\/correntes.pe.gov.br\/v1\/wp-json\/wp\/v2\/pages"}],"about":[{"href":"http:\/\/correntes.pe.gov.br\/v1\/wp-json\/wp\/v2\/types\/page"}],"author":[{"embeddable":true,"href":"http:\/\/correntes.pe.gov.br\/v1\/wp-json\/wp\/v2\/users\/3"}],"replies":[{"embeddable":true,"href":"http:\/\/correntes.pe.gov.br\/v1\/wp-json\/wp\/v2\/comments?post=14229"}],"version-history":[{"count":16,"href":"http:\/\/correntes.pe.gov.br\/v1\/wp-json\/wp\/v2\/pages\/14229\/revisions"}],"predecessor-version":[{"id":18413,"href":"http:\/\/correntes.pe.gov.br\/v1\/wp-json\/wp\/v2\/pages\/14229\/revisions\/18413"}],"wp:attachment":[{"href":"http:\/\/correntes.pe.gov.br\/v1\/wp-json\/wp\/v2\/media?parent=14229"}],"curies":[{"name":"wp","href":"https:\/\/api.w.org\/{rel}","templated":true}]}}